{"id":82,"date":"2026-02-24T16:00:59","date_gmt":"2026-02-24T21:00:59","guid":{"rendered":"https:\/\/tienda.tejasycubiertasdeleje.co\/index.php\/producto\/standing-seam-tipo-sandwich\/"},"modified":"2026-02-24T16:00:59","modified_gmt":"2026-02-24T21:00:59","slug":"standing-seam-tipo-sandwich","status":"publish","type":"product","link":"https:\/\/tienda.tejasycubiertasdeleje.co\/index.php\/producto\/standing-seam-tipo-sandwich\/","title":{"rendered":"Standing Seam Tipo S\u00e1ndwich"},"content":{"rendered":"<p>Aislamiento con poliuretano, poliestireno ign\u00edfugo o lana de roca. Alto confort termoac\u00fastico. Marca: TYC del Eje.<\/p>\n","protected":false},"excerpt":{"rendered":"<p>Aislamiento con poliuretano, poliestireno ign\u00edfugo o lana de roca. Alto confort termoac\u00fastico. Marca: TYC del Eje.<\/p>\n","protected":false},"featured_media":0,"comment_status":"open","ping_status":"closed","template":"","meta":[],"product_brand":[],"product_cat":[28],"product_tag":[],"class_list":{"0":"post-82","1":"product","2":"type-product","3":"status-publish","5":"product_cat-tejas-metalicas","7":"first","8":"instock","9":"taxable","10":"shipping-taxable","11":"purchasable","12":"product-type-simple"},"_links":{"self":[{"href":"https:\/\/tienda.tejasycubiertasdeleje.co\/index.php\/wp-json\/wp\/v2\/product\/82","targetHints":{"allow":["GET"]}}],"collection":[{"href":"https:\/\/tienda.tejasycubiertasdeleje.co\/index.php\/wp-json\/wp\/v2\/product"}],"about":[{"href":"https:\/\/tienda.tejasycubiertasdeleje.co\/index.php\/wp-json\/wp\/v2\/types\/product"}],"replies":[{"embeddable":true,"href":"https:\/\/tienda.tejasycubiertasdeleje.co\/index.php\/wp-json\/wp\/v2\/comments?post=82"}],"wp:attachment":[{"href":"https:\/\/tienda.tejasycubiertasdeleje.co\/index.php\/wp-json\/wp\/v2\/media?parent=82"}],"wp:term":[{"taxonomy":"product_brand","embeddable":true,"href":"https:\/\/tienda.tejasycubiertasdeleje.co\/index.php\/wp-json\/wp\/v2\/product_brand?post=82"},{"taxonomy":"product_cat","embeddable":true,"href":"https:\/\/tienda.tejasycubiertasdeleje.co\/index.php\/wp-json\/wp\/v2\/product_cat?post=82"},{"taxonomy":"product_tag","embeddable":true,"href":"https:\/\/tienda.tejasycubiertasdeleje.co\/index.php\/wp-json\/wp\/v2\/product_tag?post=82"}],"curies":[{"name":"wp","href":"https:\/\/api.w.org\/{rel}","templated":true}]}}