{"id":60,"date":"2026-02-24T16:00:56","date_gmt":"2026-02-24T21:00:56","guid":{"rendered":"https:\/\/tienda.tejasycubiertasdeleje.co\/index.php\/producto\/teja-colonial-asa\/"},"modified":"2026-02-24T16:00:56","modified_gmt":"2026-02-24T21:00:56","slug":"teja-colonial-asa","status":"publish","type":"product","link":"https:\/\/tienda.tejasycubiertasdeleje.co\/index.php\/producto\/teja-colonial-asa\/","title":{"rendered":"Teja Colonial ASA"},"content":{"rendered":"<p>Tejas fabricadas con PVC virgen y estabilizantes de alta calidad con certificaci\u00f3n SGS. Ofrecen aislamiento t\u00e9rmico y ac\u00fastico, alta resistencia a la corrosi\u00f3n y rayos UV. Vida \u00fatil superior a 35 a\u00f1os. 15 a\u00f1os de garant\u00eda con TYC del Eje. Solicita asesor\u00eda personalizada por WhatsApp. Espesor: 2 mm. Colores: terracota | verde | azul | roja | negra. Medida: 1,05 m x 11,80 m.<\/p>\n","protected":false},"excerpt":{"rendered":"<p>Tejas fabricadas con PVC virgen y estabilizantes de alta calidad con certificaci\u00f3n SGS. Ofrecen aislamiento t\u00e9rmico y ac\u00fastico, alta resistencia a la corrosi\u00f3n y rayos UV. Vida \u00fatil superior a 35 a\u00f1os. 15 a\u00f1os de garant\u00eda con TYC del Eje. Solicita asesor\u00eda personalizada por WhatsApp. Espesor: 2 mm. Colores: terracota | verde | azul | [&hellip;]<\/p>\n","protected":false},"featured_media":0,"comment_status":"open","ping_status":"closed","template":"","meta":[],"product_brand":[],"product_cat":[15],"product_tag":[],"class_list":{"0":"post-60","1":"product","2":"type-product","3":"status-publish","5":"product_cat-tejas-upvc","7":"first","8":"instock","9":"taxable","10":"shipping-taxable","11":"purchasable","12":"product-type-simple"},"_links":{"self":[{"href":"https:\/\/tienda.tejasycubiertasdeleje.co\/index.php\/wp-json\/wp\/v2\/product\/60","targetHints":{"allow":["GET"]}}],"collection":[{"href":"https:\/\/tienda.tejasycubiertasdeleje.co\/index.php\/wp-json\/wp\/v2\/product"}],"about":[{"href":"https:\/\/tienda.tejasycubiertasdeleje.co\/index.php\/wp-json\/wp\/v2\/types\/product"}],"replies":[{"embeddable":true,"href":"https:\/\/tienda.tejasycubiertasdeleje.co\/index.php\/wp-json\/wp\/v2\/comments?post=60"}],"wp:attachment":[{"href":"https:\/\/tienda.tejasycubiertasdeleje.co\/index.php\/wp-json\/wp\/v2\/media?parent=60"}],"wp:term":[{"taxonomy":"product_brand","embeddable":true,"href":"https:\/\/tienda.tejasycubiertasdeleje.co\/index.php\/wp-json\/wp\/v2\/product_brand?post=60"},{"taxonomy":"product_cat","embeddable":true,"href":"https:\/\/tienda.tejasycubiertasdeleje.co\/index.php\/wp-json\/wp\/v2\/product_cat?post=60"},{"taxonomy":"product_tag","embeddable":true,"href":"https:\/\/tienda.tejasycubiertasdeleje.co\/index.php\/wp-json\/wp\/v2\/product_tag?post=60"}],"curies":[{"name":"wp","href":"https:\/\/api.w.org\/{rel}","templated":true}]}}